{"id":3755,"date":"2024-03-26T21:05:02","date_gmt":"2024-03-26T20:05:02","guid":{"rendered":"https:\/\/staveco.cz\/?page_id=3755"},"modified":"2024-04-10T20:23:49","modified_gmt":"2024-04-10T18:23:49","slug":"contacts","status":"publish","type":"page","link":"https:\/\/staveco.cz\/en\/contacts\/","title":{"rendered":"Contacts"},"content":{"rendered":"<p><section id=\"bt_section69e88f45876cc\"  class=\"boldSection topSemiSpaced gutter boxed inherit\" ><div class=\"port\"><div class=\"boldCell\"><div class=\"boldCellInner\"><div class=\"boldRow \" ><div class=\"boldRowInner\"><div class=\"rowItem col-md-12 col-ms-12  btTextLeft\"  data-width=\"12\"><div class=\"rowItemContent\" ><div class=\"btClear btSeparator topSmallSpaced noBorder\" ><hr><\/div><header class=\"header btClear large btDash bottomDash  regular\" ><div class=\"dash\"><h2><span class=\"headline\">Contact information<\/span><\/h2><\/div><\/header><div class=\"btClear btSeparator bottomSmallSpaced noBorder\" ><hr><\/div><\/div><\/div><\/div><\/div><\/div><\/div><\/div><\/section><section id=\"bt_section69e88f4587834\"  class=\"boldSection bottomExtraSmallSpaced gutter boxed inherit\" ><div class=\"port\"><div class=\"boldCell\"><div class=\"boldCellInner\"><div class=\"boldRow \" ><div class=\"boldRowInner\"><div class=\"rowItem col-md-3 col-sm-6 col-ms-12 btTextLeft\"  data-width=\"3\"><div class=\"rowItemContent\" ><div class=\"btClear btSeparator topSemiSpaced noBorder\" ><hr><\/div><header class=\"header btClear small  regular\" ><div class=\"dash\"><h4><span class=\"headline\">STAVECO Morava, spol. s r.o.<\/span><\/h4><\/div><\/header><div class=\"btClear btSeparator topSmallSpaced noBorder\" ><hr><\/div><header class=\"header btClear small  regular\" ><div class=\"dash\"><\/div><div class=\"btSubTitle\">HEADQUARTERS<\/div><\/header><div class=\"btText\" ><\/p>\n<p>Moravsk\u00e9 Br\u00e1nice 296<br \/>\n664 64 Moravsk\u00e9 Br\u00e1nice<br \/>\n<span class=\"VIiyi\" lang=\"en\"><span class=\"JLqJ4b ChMk0b\" data-language-for-alternatives=\"en\" data-language-to-translate-into=\"auto\" data-phrase-index=\"0\">Czech Republic<\/span><\/span><\/p>\n<p>\n<\/div><div class=\"btClear btSeparator topSmallSpaced bottomExtraSmallSpaced noBorder\" ><hr><\/div><header class=\"header btClear small  regular\" ><div class=\"dash\"><\/div><div class=\"btSubTitle\">BILLING INFORMATION<\/div><\/header><div class=\"btText\" ><\/p>\n<p>CIN: 47908874<br \/>\nVATIN: CZ47908874<\/p>\n<p>\n<\/div><\/div><\/div><div class=\"rowItem col-md-3 col-sm-6 col-ms-12 btTextLeft\"  data-width=\"3\"><div class=\"rowItemContent\" ><div class=\"btClear btSeparator topSemiSpaced noBorder\" ><hr><\/div><header class=\"header btClear small  regular\" ><div class=\"dash\"><h4><span class=\"headline\">________<\/span><\/h4><\/div><\/header><div class=\"btClear btSeparator topSmallSpaced noBorder\" ><hr><\/div><header class=\"header btClear small  regular\" ><div class=\"dash\"><\/div><div class=\"btSubTitle\">PHONE AND E-MAIL<\/div><\/header><div class=\"btText\" ><\/p>\n<p>phone.: +420 546 421 518<br \/>\nfax: +420 546 435 384<br \/>\ne-mail: <a href=\"mailto:info@staveco.cz\">info@staveco.cz<\/a><\/p>\n<p>\n<\/div><div class=\"btClear btSeparator topSmallSpaced bottomExtraSmallSpaced noBorder\" ><hr><\/div><header class=\"header btClear small  regular\" ><\/header><div class=\"btText\" ><\/p>\n<p>The company is registered at the Regional Court in Brno, Section C, File 9684<\/p>\n<p>\n<\/div><div class=\"btClear btSeparator bottomSemiSpaced noBorder\" ><hr><\/div><\/div><\/div><div class=\"rowItem col-md-6 col-sm-12 btTextLeft\"  data-width=\"6\"><div class=\"rowItemContent\" ><div class=\"btText\" ><\/p>\n<p><iframe loading=\"lazy\" style=\"border: 0;\" tabindex=\"0\" src=\"https:\/\/www.google.com\/maps\/embed?pb=!1m18!1m12!1m3!1d70304.51714571427!2d16.39029651661419!3d49.09220315540008!2m3!1f0!2f0!3f0!3m2!1i1024!2i768!4f13.1!3m3!1m2!1s0x4712bc7ee853af79%3A0xba3a1f4a91a869db!2sSTAVECO%20Morava%2C%20spol.%20s.r.o.!5e0!3m2!1scs!2scz!4v1607811479010!5m2!1scs!2scz\" width=\"600\" height=\"450\" frameborder=\"0\" allowfullscreen=\"allowfullscreen\" aria-hidden=\"false\"><\/iframe><\/p>\n<p>\n<\/div><\/div><\/div><\/div><\/div><\/div><\/div><\/div><\/section><section id=\"bt_section69e88f4587b91\"  class=\"boldSection bottomSmallSpaced gutter boxed inherit\" ><div class=\"port\"><div class=\"boldCell\"><div class=\"boldCellInner\"><div class=\"boldRow \" ><div class=\"boldRowInner\"><div class=\"rowItem col-md-3 col-sm-6 col-ms-12 btTextLeft inherit btTextIndent\"  data-width=\"3\"><div class=\"rowItemContent\" style = \"background-color: rgba(242, 245, 253, 1); \"><div class=\"btClear btSeparator topExtraSmallSpaced noBorder\" ><hr><\/div><header class=\"header btClear small  regular\" ><div class=\"dash\"><h4><span class=\"headline\">Ji\u0159\u00ed Vacul\u00edk<\/span><\/h4><\/div><div class=\"btSubTitle\">CSO<\/div><\/header><div class=\"btText\" ><\/p>\n<p>phone: +420 602 527 745<br \/>\ne-mail: <a href=\"mailto:vaculik@staveco.cz\">vaculik@staveco.cz<\/a><\/p>\n<p>\n<\/div><div class=\"btClear btSeparator bottomExtraSmallSpaced noBorder\" ><hr><\/div><\/div><\/div><div class=\"rowItem col-md-3 col-sm-6 col-ms-12 btTextLeft inherit btTextIndent\"  data-width=\"3\"><div class=\"rowItemContent\" style = \"background-color: rgba(242, 245, 253, 1); \"><div class=\"btClear btSeparator topExtraSmallSpaced noBorder\" ><hr><\/div><header class=\"header btClear small  regular\" ><div class=\"dash\"><h4><span class=\"headline\">Ivan Jel\u00ednek<\/span><\/h4><\/div><div class=\"btSubTitle\">CMO<\/div><\/header><div class=\"btText\" ><\/p>\n<p>phone: +420 603 424 881<br \/>\ne-mail: <a href=\"mailto:ivanjelinek@tiscali.cz\">ivanjelinek@tiscali.cz<\/a><\/p>\n<p>\n<\/div><div class=\"btClear btSeparator bottomExtraSmallSpaced noBorder\" ><hr><\/div><\/div><\/div><div class=\"rowItem col-md-3 col-sm-6 col-ms-12 btTextLeft inherit btTextIndent\"  data-width=\"3\"><div class=\"rowItemContent\" style = \"background-color: rgba(242, 245, 253, 1); \"><\/div><\/div><div class=\"rowItem col-md-3 col-sm-6 col-ms-12 btTextLeft inherit btTextIndent\"  data-width=\"3\"><div class=\"rowItemContent\" style = \"background-color: rgba(242, 245, 253, 1); \"><\/div><\/div><\/div><\/div><\/div><\/div><\/div><\/section><section id=\"bt_section69e88f4587d32\"  class=\"boldSection topSmallSpaced bottomSemiSpaced gutter boxed inherit\" ><div class=\"port\"><div class=\"boldCell\"><div class=\"boldCellInner\"><div class=\"boldRow \" ><div class=\"boldRowInner\"><div class=\"rowItem col-md-3 col-sm-6 col-ms-12 btTextLeft inherit btTextIndent\"  data-width=\"3\"><div class=\"rowItemContent\" style = \"background-color: rgba(242, 245, 253, 1); \"><div class=\"btClear btSeparator topExtraSmallSpaced noBorder\" ><hr><\/div><header class=\"header btClear small  regular\" ><div class=\"dash\"><h4><span class=\"headline\">Martin Proch\u00e1zka<\/span><\/h4><\/div><div class=\"btSubTitle\">CEO<\/div><\/header><div class=\"btText\" ><\/p>\n<p>phone: +420 774 777 766<br \/>\ne-mail: <a href=\"mailto:prochazka@staveco.cz\">prochazka@staveco.cz<\/a><\/p>\n<p>\n<\/div><div class=\"btClear btSeparator bottomExtraSmallSpaced noBorder\" ><hr><\/div><\/div><\/div><div class=\"rowItem col-md-3 col-sm-6 col-ms-12 btTextLeft inherit btTextIndent\"  data-width=\"3\"><div class=\"rowItemContent\" style = \"background-color: rgba(242, 245, 253, 1); \"><div class=\"btClear btSeparator topExtraSmallSpaced noBorder\" ><hr><\/div><header class=\"header btClear small  regular\" ><div class=\"dash\"><h4><span class=\"headline\">Miroslav Dedek<\/span><\/h4><\/div><div class=\"btSubTitle\">CFO<\/div><\/header><div class=\"btText\" ><\/p>\n<p>phone: +420 777 325 548<br \/>\ne-mail: <a href=\"mailto:dedek@staveco.cz\">dedek@staveco.cz<\/a><\/p>\n<p>\n<\/div><div class=\"btClear btSeparator bottomExtraSmallSpaced noBorder\" ><hr><\/div><\/div><\/div><div class=\"rowItem col-md-3 col-sm-6 col-ms-12 btTextLeft inherit btTextIndent\"  data-width=\"3\"><div class=\"rowItemContent\" style = \"background-color: rgba(242, 245, 253, 1); \"><div class=\"btClear btSeparator topExtraSmallSpaced noBorder\" ><hr><\/div><header class=\"header btClear small  regular\" ><div class=\"dash\"><h4><span class=\"headline\">Pavel R\u00e1\u010dek<\/span><\/h4><\/div><div class=\"btSubTitle\">COO<\/div><\/header><div class=\"btText\" ><\/p>\n<p>phone: +420 607 064 625<br \/>\ne-mail: <a href=\"mailto:racek@staveco.cz\">racek@staveco.cz<\/a><\/p>\n<p>\n<\/div><div class=\"btClear btSeparator bottomExtraSmallSpaced noBorder\" ><hr><\/div><\/div><\/div><div class=\"rowItem col-md-3 col-sm-6 col-ms-12 btTextLeft inherit btTextIndent\"  data-width=\"3\"><div class=\"rowItemContent\" style = \"background-color: rgba(242, 245, 253, 1); \"><div class=\"btClear btSeparator topExtraSmallSpaced noBorder\" ><hr><\/div><header class=\"header btClear small  regular\" ><div class=\"dash\"><h4><span class=\"headline\">Michal Kudl\u00e1\u010dek<\/span><\/h4><\/div><div class=\"btSubTitle\">CTO<\/div><\/header><div class=\"btText\" ><\/p>\n<p>phone: +420 602 466 272<br \/>\ne-mail: <a href=\"mailto:kudlacek@staveco.cz\">kudlacek@staveco.cz<\/a><\/p>\n<p>\n<\/div><div class=\"btClear btSeparator bottomExtraSmallSpaced noBorder\" ><hr><\/div><\/div><\/div><\/div><\/div><\/div><\/div><\/div><\/section><\/p>\n","protected":false},"excerpt":{"rendered":"","protected":false},"author":1,"featured_media":0,"parent":0,"menu_order":0,"comment_status":"closed","ping_status":"closed","template":"","meta":{"footnotes":""},"class_list":["post-3755","page","type-page","status-publish","hentry"],"_links":{"self":[{"href":"https:\/\/staveco.cz\/en\/wp-json\/wp\/v2\/pages\/3755"}],"collection":[{"href":"https:\/\/staveco.cz\/en\/wp-json\/wp\/v2\/pages"}],"about":[{"href":"https:\/\/staveco.cz\/en\/wp-json\/wp\/v2\/types\/page"}],"author":[{"embeddable":true,"href":"https:\/\/staveco.cz\/en\/wp-json\/wp\/v2\/users\/1"}],"replies":[{"embeddable":true,"href":"https:\/\/staveco.cz\/en\/wp-json\/wp\/v2\/comments?post=3755"}],"version-history":[{"count":5,"href":"https:\/\/staveco.cz\/en\/wp-json\/wp\/v2\/pages\/3755\/revisions"}],"predecessor-version":[{"id":6348,"href":"https:\/\/staveco.cz\/en\/wp-json\/wp\/v2\/pages\/3755\/revisions\/6348"}],"wp:attachment":[{"href":"https:\/\/staveco.cz\/en\/wp-json\/wp\/v2\/media?parent=3755"}],"curies":[{"name":"wp","href":"https:\/\/api.w.org\/{rel}","templated":true}]}}