{"id":4389,"date":"2024-03-28T21:35:14","date_gmt":"2024-03-28T20:35:14","guid":{"rendered":"https:\/\/staveco.cz\/?page_id=4389"},"modified":"2024-03-28T21:47:21","modified_gmt":"2024-03-28T20:47:21","slug":"strahlen-mit-stahlkorn","status":"publish","type":"page","link":"https:\/\/staveco.cz\/de\/dienstleistungen\/strahlen-mit-stahlkorn\/","title":{"rendered":"Strahlen mit Stahlkorn"},"content":{"rendered":"<p><section id=\"bt_section69e8a36c53315\"  class=\"boldSection topSemiSpaced gutter boxed inherit\" ><div class=\"port\"><div class=\"boldCell\"><div class=\"boldCellInner\"><div class=\"boldRow \" ><div class=\"boldRowInner\"><div class=\"rowItem col-md-6 col-sm-12 btTextLeft\"  data-width=\"6\"><div class=\"rowItemContent\" ><div class=\"btClear btSeparator topSmallSpaced noBorder\" ><hr><\/div><header class=\"header btClear large btDash bottomDash  regular\" ><div class=\"dash\"><h2><span class=\"headline\">Strahlen mit Stahlkorn<\/span><\/h2><\/div><\/header><div class=\"btClear btSeparator noBorder\" ><hr><\/div><div class=\"btText\" ><\/p>\n<p>Wir verwenden zum Strahlen Stahlkorn, um die Werkst\u00fcckoberfl\u00e4che von Zunderr\u00fcckst\u00e4nden nach dem H\u00e4rten, oder von Rost und Lackr\u00fcckst\u00e4nden zu reinigen. Dadurch erreicht man eine optimale Oberfl\u00e4che f\u00fcr nachfolgende Lackbeschichtungen.<\/p>\n<p>\n<\/div><\/div><\/div><div class=\"rowItem col-md-6 col-sm-12 btTextLeft\"  data-width=\"6\"><div class=\"rowItemContent\" ><div class=\"btClear btSeparator topSemiSpaced noBorder\" ><hr><\/div><div class=\"servicesItem  btIcoDefaultColorIcon btIcoSmallSizeIcon \"><div class=\"sIcon\"><span class=\"btIco btIcoSmallSize btIcoDefaultType btIcoDefaultColor btIconCircleShape\"><span  data-ico-=\"&#038;#x;\" class=\"btIcoHolder\"><\/span><\/span><\/div><div class=\"sTxt\"><header class=\"header btClear small\" ><div class=\"dash\"><h4><span class=\"headline\">Parameter:<\/span><\/h4><\/div><div class=\"btSubTitle\">\u2022 Strahlkastengr\u00f6\u00dfe: 12 x 5 m<\/div><\/header><\/div><\/div><div class=\"btClear btSeparator bottomSmallSpaced noBorder\" ><hr><\/div><\/div><\/div><\/div><\/div><\/div><\/div><\/div><\/section><section id=\"bt_section69e8a36c53604\"  class=\"boldSection topSemiSpaced inherit\" ><div class=\"port\"><div class=\"boldCell\"><div class=\"boldCellInner\"><div class=\"boldRow \" ><div class=\"boldRowInner\"><div class=\"rowItem col-md-12 col-ms-12  btTextLeft inherit btNoPadding\"  data-width=\"12\"><div class=\"rowItemContent\" ><div class=\"bpgPhoto btDefaultHoverType\" ><div class = \"btImage\"><img decoding=\"async\" src=\"https:\/\/staveco.cz\/wp-content\/uploads\/2024\/03\/20210325_093749-scaled-1.jpg\" alt=\"\" title=\"\"><\/div><\/div><\/div><\/div><\/div><\/div><\/div><\/div><\/div><\/section><\/p>\n","protected":false},"excerpt":{"rendered":"","protected":false},"author":1,"featured_media":0,"parent":3899,"menu_order":0,"comment_status":"closed","ping_status":"closed","template":"","meta":{"footnotes":""},"class_list":["post-4389","page","type-page","status-publish","hentry"],"_links":{"self":[{"href":"https:\/\/staveco.cz\/de\/wp-json\/wp\/v2\/pages\/4389"}],"collection":[{"href":"https:\/\/staveco.cz\/de\/wp-json\/wp\/v2\/pages"}],"about":[{"href":"https:\/\/staveco.cz\/de\/wp-json\/wp\/v2\/types\/page"}],"author":[{"embeddable":true,"href":"https:\/\/staveco.cz\/de\/wp-json\/wp\/v2\/users\/1"}],"replies":[{"embeddable":true,"href":"https:\/\/staveco.cz\/de\/wp-json\/wp\/v2\/comments?post=4389"}],"version-history":[{"count":1,"href":"https:\/\/staveco.cz\/de\/wp-json\/wp\/v2\/pages\/4389\/revisions"}],"predecessor-version":[{"id":4390,"href":"https:\/\/staveco.cz\/de\/wp-json\/wp\/v2\/pages\/4389\/revisions\/4390"}],"up":[{"embeddable":true,"href":"https:\/\/staveco.cz\/de\/wp-json\/wp\/v2\/pages\/3899"}],"wp:attachment":[{"href":"https:\/\/staveco.cz\/de\/wp-json\/wp\/v2\/media?parent=4389"}],"curies":[{"name":"wp","href":"https:\/\/api.w.org\/{rel}","templated":true}]}}