{"id":3899,"date":"2024-03-26T21:03:11","date_gmt":"2024-03-26T20:03:11","guid":{"rendered":"https:\/\/staveco.cz\/?page_id=3899"},"modified":"2024-03-27T20:51:22","modified_gmt":"2024-03-27T19:51:22","slug":"dienstleistungen","status":"publish","type":"page","link":"https:\/\/staveco.cz\/de\/dienstleistungen\/","title":{"rendered":"Dienstleistungen"},"content":{"rendered":"<p><section id=\"bt_section69e5c6ab68489\"  class=\"boldSection topSemiSpaced bottomSmallSpaced gutter boxed inherit\" ><div class=\"port\"><div class=\"boldCell\"><div class=\"boldCellInner\"><div class=\"boldRow \" ><div class=\"boldRowInner\"><div class=\"rowItem col-md-4 col-ms-12 btTextLeft inherit\"  data-width=\"4\"><div class=\"rowItemContent\" ><div class=\"btClear btSeparator topSmallSpaced noBorder\" ><hr><\/div><header class=\"header btClear large btDash bottomDash  regular\" ><div class=\"dash\"><h2><span class=\"headline\">Unsere Dienstleistungen<\/span><\/h2><\/div><\/header><\/div><\/div><div class=\"rowItem col-md-8 col-ms-12 btTextLeft\"  data-width=\"8\"><div class=\"rowItemContent\" ><div class=\"btClear btSeparator topSemiSpaced noBorder\" ><hr><\/div><div class=\"btText\" ><\/p>\n<p>Neben der Erzeugung von St\u00e4tion\u00e4rsilos und Transportsilos, Druckbeh\u00e4ltern und Bunker bieten wir auch Reparaturen von mechanischen Sch\u00e4den und den Austausch verschlissener Teile an. Das Programm der technischen Produktion konzentriert sich auf die kundenspezifische Produktion im allgemeinen Maschinenbau.<\/p>\n<p>\n<\/div><div class=\"btClear btSeparator bottomSemiSpaced noBorder\" ><hr><\/div><\/div><\/div><\/div><\/div><\/div><\/div><\/div><\/section><section id=\"bt_section69e5c6ab685f6\"  class=\"boldSection gutter boxed inherit\" ><div class=\"port\"><div class=\"boldCell\"><div class=\"boldCellInner\"><div class=\"boldRow \" ><div class=\"boldRowInner\"><div class=\"rowItem col-md-4 col-ms-12 btTextLeft inherit\"  data-width=\"4\"><div class=\"rowItemContent\" ><div class=\"bpgPhoto btDefaultHoverType btHasTitles\" > \r\n\t\t\t\t\t<a href=\"https:\/\/staveco.cz\/de\/dienstleistungen\/reparaturen-von-stahlsilos\/\" target=\"_self\" title=\"Reparaturen von Stahlsilos\"><\/a>\r\n\t\t\t\t\t<div class=\"boldPhotoBox\"><div class=\"bpbItem\"><div class = \"btImage\"><img decoding=\"async\" src=\"https:\/\/staveco.cz\/wp-content\/uploads\/2024\/03\/opravy.jpg\" alt=\"\" title=\"Reparaturen von Stahlsilos\"><\/div><\/div><\/div>\r\n\t\t\t\t\t<div class=\"captionPane btDarkSkin btTextCenter\">\r\n\t\t\t\t\t\t<div class=\"captionTable\">\r\n\t\t\t\t\t\t\t<div class=\"captionCell\">\r\n\t\t\t\t\t\t\t\t<div class=\"captionTxt\"><header class=\"header btClear extrasmall\" ><div class=\"dash\"><h4><span class=\"headline\">Reparaturen von Stahlsilos<\/span><\/h4><\/div><\/header><\/div>\r\n\t\t\t\t\t\t\t<\/div>\r\n\t\t\t\t\t\t<\/div>\r\n\t\t\t\t\t<\/div>\r\n\t\t\t\t\t\t<div class=\"btShowTitle\">\r\n\t\t\t\t\t\t\t<div class=\"btShowTitleCaptionTxt\"><header class=\"header btClear small\" ><div class=\"dash\"><h4><span class=\"headline\">Reparaturen von Stahlsilos<\/span><\/h4><\/div><\/header><\/div>\r\n\t\t\t\t\t\t<\/div><\/div><div class=\"btClear btSeparator topSmallSpaced bottomSmallSpaced noBorder\" ><hr><\/div><\/div><\/div><div class=\"rowItem col-md-4 col-ms-12 btTextLeft inherit\"  data-width=\"4\"><div class=\"rowItemContent\" style = \"background-color: rgba(255, 255, 255, 1); \"><div class=\"bpgPhoto btDefaultHoverType btHasTitles\" > \r\n\t\t\t\t\t<a href=\"https:\/\/staveco.cz\/de\/dienstleistungen\/produktion-und-montage\/\" target=\"_self\" title=\"Produktion und Montage\"><\/a>\r\n\t\t\t\t\t<div class=\"boldPhotoBox\"><div class=\"bpbItem\"><div class = \"btImage\"><img decoding=\"async\" src=\"https:\/\/staveco.cz\/wp-content\/uploads\/2024\/03\/vyroba-a-montaz.jpg\" alt=\"\" title=\"Produktion und Montage\"><\/div><\/div><\/div>\r\n\t\t\t\t\t<div class=\"captionPane btDarkSkin btTextCenter\">\r\n\t\t\t\t\t\t<div class=\"captionTable\">\r\n\t\t\t\t\t\t\t<div class=\"captionCell\">\r\n\t\t\t\t\t\t\t\t<div class=\"captionTxt\"><header class=\"header btClear extrasmall\" ><div class=\"dash\"><h4><span class=\"headline\">Produktion und Montage<\/span><\/h4><\/div><\/header><\/div>\r\n\t\t\t\t\t\t\t<\/div>\r\n\t\t\t\t\t\t<\/div>\r\n\t\t\t\t\t<\/div>\r\n\t\t\t\t\t\t<div class=\"btShowTitle\">\r\n\t\t\t\t\t\t\t<div class=\"btShowTitleCaptionTxt\"><header class=\"header btClear small\" ><div class=\"dash\"><h4><span class=\"headline\">Produktion und Montage<\/span><\/h4><\/div><\/header><\/div>\r\n\t\t\t\t\t\t<\/div><\/div><div class=\"btClear btSeparator topSmallSpaced bottomSmallSpaced noBorder\" ><hr><\/div><\/div><\/div><div class=\"rowItem col-md-4 col-ms-12 btTextLeft\"  data-width=\"4\"><div class=\"rowItemContent\" ><div class=\"bpgPhoto btDefaultHoverType btHasTitles\" > \r\n\t\t\t\t\t<a href=\"https:\/\/staveco.cz\/de\/dienstleistungen\/plasma-und-autogene-schneiden\/\" target=\"_self\" title=\"Plasma und autogene Schneiden\"><\/a>\r\n\t\t\t\t\t<div class=\"boldPhotoBox\"><div class=\"bpbItem\"><div class = \"btImage\"><img decoding=\"async\" src=\"https:\/\/staveco.cz\/wp-content\/uploads\/2024\/03\/paleni-plazmou.jpg\" alt=\"\" title=\"Plasma und autogene Schneiden\"><\/div><\/div><\/div>\r\n\t\t\t\t\t<div class=\"captionPane btDarkSkin btTextCenter\">\r\n\t\t\t\t\t\t<div class=\"captionTable\">\r\n\t\t\t\t\t\t\t<div class=\"captionCell\">\r\n\t\t\t\t\t\t\t\t<div class=\"captionTxt\"><header class=\"header btClear extrasmall\" ><div class=\"dash\"><h4><span class=\"headline\">Plasma und autogene Schneiden<\/span><\/h4><\/div><\/header><\/div>\r\n\t\t\t\t\t\t\t<\/div>\r\n\t\t\t\t\t\t<\/div>\r\n\t\t\t\t\t<\/div>\r\n\t\t\t\t\t\t<div class=\"btShowTitle\">\r\n\t\t\t\t\t\t\t<div class=\"btShowTitleCaptionTxt\"><header class=\"header btClear small\" ><div class=\"dash\"><h4><span class=\"headline\">Plasma und autogene Schneiden<\/span><\/h4><\/div><\/header><\/div>\r\n\t\t\t\t\t\t<\/div><\/div><div class=\"btClear btSeparator topSmallSpaced bottomSmallSpaced noBorder\" ><hr><\/div><\/div><\/div><\/div><\/div><\/div><\/div><\/div><\/section><section id=\"bt_section69e5c6ab6bc08\"  class=\"boldSection bottomSemiSpaced gutter boxed inherit\" ><div class=\"port\"><div class=\"boldCell\"><div class=\"boldCellInner\"><div class=\"boldRow \" ><div class=\"boldRowInner\"><div class=\"rowItem col-md-4 col-ms-12 btTextLeft inherit\"  data-width=\"4\"><div class=\"rowItemContent\" style = \"background-color: rgba(255, 255, 255, 1); \"><div class=\"bpgPhoto btDefaultHoverType btHasTitles\" > \r\n\t\t\t\t\t<a href=\"https:\/\/staveco.cz\/de\/dienstleistungen\/strahlen-mit-stahlkorn\/\" target=\"_self\" title=\"Strahlen mit Stahlkorn\"><\/a>\r\n\t\t\t\t\t<div class=\"boldPhotoBox\"><div class=\"bpbItem\"><div class = \"btImage\"><img decoding=\"async\" src=\"https:\/\/staveco.cz\/wp-content\/uploads\/2024\/03\/tryskani.jpg\" alt=\"\" title=\"Strahlen mit Stahlkorn\"><\/div><\/div><\/div>\r\n\t\t\t\t\t<div class=\"captionPane btDarkSkin btTextCenter\">\r\n\t\t\t\t\t\t<div class=\"captionTable\">\r\n\t\t\t\t\t\t\t<div class=\"captionCell\">\r\n\t\t\t\t\t\t\t\t<div class=\"captionTxt\"><header class=\"header btClear extrasmall\" ><div class=\"dash\"><h4><span class=\"headline\">Strahlen mit Stahlkorn<\/span><\/h4><\/div><\/header><\/div>\r\n\t\t\t\t\t\t\t<\/div>\r\n\t\t\t\t\t\t<\/div>\r\n\t\t\t\t\t<\/div>\r\n\t\t\t\t\t\t<div class=\"btShowTitle\">\r\n\t\t\t\t\t\t\t<div class=\"btShowTitleCaptionTxt\"><header class=\"header btClear small\" ><div class=\"dash\"><h4><span class=\"headline\">Strahlen mit Stahlkorn<\/span><\/h4><\/div><\/header><\/div>\r\n\t\t\t\t\t\t<\/div><\/div><div class=\"btClear btSeparator topSmallSpaced bottomSmallSpaced noBorder\" ><hr><\/div><\/div><\/div><div class=\"rowItem col-md-4 col-ms-12 btTextLeft inherit\"  data-width=\"4\"><div class=\"rowItemContent\" ><div class=\"bpgPhoto btDefaultHoverType btHasTitles\" > \r\n\t\t\t\t\t<a href=\"https:\/\/staveco.cz\/de\/dienstleistungen\/lackierung\/\" target=\"_self\" title=\"Lackierung\"><\/a>\r\n\t\t\t\t\t<div class=\"boldPhotoBox\"><div class=\"bpbItem\"><div class = \"btImage\"><img decoding=\"async\" src=\"https:\/\/staveco.cz\/wp-content\/uploads\/2024\/03\/lakovani.jpg\" alt=\"\" title=\"Lackierung\"><\/div><\/div><\/div>\r\n\t\t\t\t\t<div class=\"captionPane btDarkSkin btTextCenter\">\r\n\t\t\t\t\t\t<div class=\"captionTable\">\r\n\t\t\t\t\t\t\t<div class=\"captionCell\">\r\n\t\t\t\t\t\t\t\t<div class=\"captionTxt\"><header class=\"header btClear extrasmall\" ><div class=\"dash\"><h4><span class=\"headline\">Lackierung<\/span><\/h4><\/div><\/header><\/div>\r\n\t\t\t\t\t\t\t<\/div>\r\n\t\t\t\t\t\t<\/div>\r\n\t\t\t\t\t<\/div>\r\n\t\t\t\t\t\t<div class=\"btShowTitle\">\r\n\t\t\t\t\t\t\t<div class=\"btShowTitleCaptionTxt\"><header class=\"header btClear small\" ><div class=\"dash\"><h4><span class=\"headline\">Lackierung<\/span><\/h4><\/div><\/header><\/div>\r\n\t\t\t\t\t\t<\/div><\/div><div class=\"btClear btSeparator topSmallSpaced bottomSmallSpaced noBorder\" ><hr><\/div><\/div><\/div><div class=\"rowItem col-md-4 col-ms-12 btTextLeft inherit\"  data-width=\"4\"><div class=\"rowItemContent\" ><div class=\"bpgPhoto btDefaultHoverType btHasTitles\" > \r\n\t\t\t\t\t<a href=\"https:\/\/staveco.cz\/de\/dienstleistungen\/linde-gas-verkaufsstelle\/\" target=\"_self\" title=\"Linde Gas Verkaufsstelle\"><\/a>\r\n\t\t\t\t\t<div class=\"boldPhotoBox\"><div class=\"bpbItem\"><div class = \"btImage\"><img decoding=\"async\" src=\"https:\/\/staveco.cz\/wp-content\/uploads\/2024\/03\/linde-gas-1.jpg\" alt=\"\" title=\"Linde Gas Verkaufsstelle\"><\/div><\/div><\/div>\r\n\t\t\t\t\t<div class=\"captionPane btDarkSkin btTextCenter\">\r\n\t\t\t\t\t\t<div class=\"captionTable\">\r\n\t\t\t\t\t\t\t<div class=\"captionCell\">\r\n\t\t\t\t\t\t\t\t<div class=\"captionTxt\"><header class=\"header btClear extrasmall\" ><div class=\"dash\"><h4><span class=\"headline\">Linde Gas Verkaufsstelle<\/span><\/h4><\/div><\/header><\/div>\r\n\t\t\t\t\t\t\t<\/div>\r\n\t\t\t\t\t\t<\/div>\r\n\t\t\t\t\t<\/div>\r\n\t\t\t\t\t\t<div class=\"btShowTitle\">\r\n\t\t\t\t\t\t\t<div class=\"btShowTitleCaptionTxt\"><header class=\"header btClear small\" ><div class=\"dash\"><h4><span class=\"headline\">Linde Gas Verkaufsstelle<\/span><\/h4><\/div><\/header><\/div>\r\n\t\t\t\t\t\t<\/div><\/div><div class=\"btClear btSeparator topSmallSpaced bottomSmallSpaced noBorder\" ><hr><\/div><\/div><\/div><\/div><\/div><\/div><\/div><\/div><\/section><\/p>\n","protected":false},"excerpt":{"rendered":"","protected":false},"author":1,"featured_media":0,"parent":0,"menu_order":0,"comment_status":"closed","ping_status":"closed","template":"","meta":{"footnotes":""},"class_list":["post-3899","page","type-page","status-publish","hentry"],"_links":{"self":[{"href":"https:\/\/staveco.cz\/de\/wp-json\/wp\/v2\/pages\/3899"}],"collection":[{"href":"https:\/\/staveco.cz\/de\/wp-json\/wp\/v2\/pages"}],"about":[{"href":"https:\/\/staveco.cz\/de\/wp-json\/wp\/v2\/types\/page"}],"author":[{"embeddable":true,"href":"https:\/\/staveco.cz\/de\/wp-json\/wp\/v2\/users\/1"}],"replies":[{"embeddable":true,"href":"https:\/\/staveco.cz\/de\/wp-json\/wp\/v2\/comments?post=3899"}],"version-history":[{"count":1,"href":"https:\/\/staveco.cz\/de\/wp-json\/wp\/v2\/pages\/3899\/revisions"}],"predecessor-version":[{"id":3900,"href":"https:\/\/staveco.cz\/de\/wp-json\/wp\/v2\/pages\/3899\/revisions\/3900"}],"wp:attachment":[{"href":"https:\/\/staveco.cz\/de\/wp-json\/wp\/v2\/media?parent=3899"}],"curies":[{"name":"wp","href":"https:\/\/api.w.org\/{rel}","templated":true}]}}